{"id":2,"date":"2023-03-03T14:09:15","date_gmt":"2023-03-03T14:09:15","guid":{"rendered":"https:\/\/naxcivanservis.az\/?page_id=2"},"modified":"2023-03-04T08:28:14","modified_gmt":"2023-03-04T08:28:14","slug":"sample-page","status":"publish","type":"page","link":"https:\/\/naxcivanservis.az\/index.php\/sample-page\/","title":{"rendered":"Haqqimizda"},"content":{"rendered":"\n<p>\u201cNAX\u00c7IVANSERV\u0130S\u201d \u015eirk\u0259ti \u0130sitm\u0259,Soyutma,Havaland\u0131rma v\u0259 T\u0259sisat i\u015fl\u0259rind\u0259n ba\u015fqa \u0259lav\u0259<br>olaraq a\u015fa\u011f\u0131da g\u00f6st\u0259ril\u0259n xidm\u0259tl\u0259ri d\u0259 professional usta qruplar\u0131 v\u0259 tan\u0131nm\u0131\u015f d\u00fcnya<br>brendl\u0259rinin m\u0259hsullar\u0131 il\u0259 h\u0259yata ke\u00e7irir.<\/p>\n\n\n\n<p><strong>Elektrik \u0130\u015fl\u0259ri<\/strong><br>Elektron i\u015f\u0131qland\u0131rma sisteml\u0259rinin layih\u0259l\u0259ndirilm\u0259si v\u0259 qura\u015fd\u0131r\u0131lmas\u0131, Alternativ enerji m\u0259nb\u0259l\u0259ri,<br>Elektrik infrastrukturunun layih\u0259l\u0259ndirilm\u0259si<\/p>\n\n\n\n<p><strong>IT-\u0130nfrastruktur<\/strong><br>Lokal \u015f\u0259b\u0259k\u0259l\u0259rin layih\u0259l\u0259ndirilm\u0259si v\u0259 yarad\u0131lmas\u0131, Video divarlar\u0131n layih\u0259l\u0259ndirilm\u0259si v\u0259 qura\u015fd\u0131r\u0131lmas\u0131,<br>Elektron n\u00f6vb\u0259 sistemi, Konfrans-zal layih\u0259l\u0259ndirm\u0259si v\u0259 qura\u015fd\u0131r\u0131lmas\u0131, IP v\u0259 analoq telefoniya<br>layih\u0259l\u0259ndirm\u0259 v\u0259 qura\u015fd\u0131r\u0131lmas\u0131<\/p>\n\n\n\n<p><strong>T\u0259hl\u00fck\u0259sizlik kameralar\u0131<\/strong><br>Video m\u00fc\u015fahid\u0259 sisteml\u0259rinin layih\u0259l\u0259ndirilm\u0259si v\u0259 qura\u015fd\u0131r\u0131lmas\u0131, A\u011f\u0131ll\u0131 video m\u00fc\u015fahid\u0259 v\u0259 analitika<\/p>\n\n\n\n<p><\/p>\n\n\n\n<p><strong>Giri\u015f \u00c7\u0131x\u0131\u015fa n\u0259zar\u0259t sisteml\u0259ri<\/strong><br>Domofonlar\u0131n qura\u015fd\u0131r\u0131lmas\u0131, Dayanacaqlarda v\u0259 avtoparklarda giri\u015f\u0259 n\u0259zar\u0259tin yarad\u0131lmas\u0131, Ke\u00e7id\u0259<br>n\u0259zar\u0259t m\u0259nt\u0259q\u0259l\u0259rinin yarad\u0131lmas\u0131,Otel qap\u0131 kart sisteml\u0259ri<\/p>\n\n\n\n<p><br><strong>Yan\u011f\u0131ndan m\u00fchafiz\u0259 sisteml\u0259ri<\/strong><\/p>\n\n\n\n<p>Yan\u011f\u0131ns\u00f6nd\u00fcrm\u0259 sisteml\u0259rinin qura\u015fd\u0131r\u0131lmas\u0131, X\u0259b\u0259rdarl\u0131q sisteml\u0259rinin qura\u015fd\u0131r\u0131lmas\u0131 v\u0259<br>layih\u0259l\u0259ndirilm\u0259si<\/p>\n","protected":false},"excerpt":{"rendered":"<p>\u201cNAX\u00c7IVANSERV\u0130S\u201d \u015eirk\u0259ti \u0130sitm\u0259,Soyutma,Havaland\u0131rma v\u0259 T\u0259sisat i\u015fl\u0259rind\u0259n ba\u015fqa \u0259lav\u0259olaraq a\u015fa\u011f\u0131da g\u00f6st\u0259ril\u0259n xidm\u0259tl\u0259ri d\u0259 professional usta qruplar\u0131 v\u0259 tan\u0131nm\u0131\u015f d\u00fcnyabrendl\u0259rinin m\u0259hsullar\u0131 il\u0259 h\u0259yata ke\u00e7irir. Elektrik \u0130\u015fl\u0259riElektron i\u015f\u0131qland\u0131rma sisteml\u0259rinin layih\u0259l\u0259ndirilm\u0259si v\u0259 qura\u015fd\u0131r\u0131lmas\u0131, Alternativ enerji m\u0259nb\u0259l\u0259ri,Elektrik infrastrukturunun layih\u0259l\u0259ndirilm\u0259si IT-\u0130nfrastrukturLokal \u015f\u0259b\u0259k\u0259l\u0259rin layih\u0259l\u0259ndirilm\u0259si v\u0259 yarad\u0131lmas\u0131, Video divarlar\u0131n layih\u0259l\u0259ndirilm\u0259si v\u0259 qura\u015fd\u0131r\u0131lmas\u0131,Elektron n\u00f6vb\u0259 sistemi, Konfrans-zal layih\u0259l\u0259ndirm\u0259si v\u0259 qura\u015fd\u0131r\u0131lmas\u0131, IP v\u0259 analoq telefoniyalayih\u0259l\u0259ndirm\u0259 v\u0259 [&hellip;]<\/p>\n","protected":false},"author":1,"featured_media":0,"parent":0,"menu_order":0,"comment_status":"closed","ping_status":"open","template":"","meta":[],"_links":{"self":[{"href":"https:\/\/naxcivanservis.az\/index.php\/wp-json\/wp\/v2\/pages\/2"}],"collection":[{"href":"https:\/\/naxcivanservis.az\/index.php\/wp-json\/wp\/v2\/pages"}],"about":[{"href":"https:\/\/naxcivanservis.az\/index.php\/wp-json\/wp\/v2\/types\/page"}],"author":[{"embeddable":true,"href":"https:\/\/naxcivanservis.az\/index.php\/wp-json\/wp\/v2\/users\/1"}],"replies":[{"embeddable":true,"href":"https:\/\/naxcivanservis.az\/index.php\/wp-json\/wp\/v2\/comments?post=2"}],"version-history":[{"count":6,"href":"https:\/\/naxcivanservis.az\/index.php\/wp-json\/wp\/v2\/pages\/2\/revisions"}],"predecessor-version":[{"id":87,"href":"https:\/\/naxcivanservis.az\/index.php\/wp-json\/wp\/v2\/pages\/2\/revisions\/87"}],"wp:attachment":[{"href":"https:\/\/naxcivanservis.az\/index.php\/wp-json\/wp\/v2\/media?parent=2"}],"curies":[{"name":"wp","href":"https:\/\/api.w.org\/{rel}","templated":true}]}}